{"id":1351,"date":"2021-02-26T20:40:01","date_gmt":"2021-02-26T19:40:01","guid":{"rendered":"https:\/\/emufarma.sk\/?page_id=1351"},"modified":"2021-02-26T20:40:01","modified_gmt":"2021-02-26T19:40:01","slug":"zaujimave-clanky-o-emu-oleji","status":"publish","type":"page","link":"https:\/\/emufarma.sk\/index.php\/zaujimave-clanky-o-emu-oleji\/","title":{"rendered":"Zauj\u00edmav\u00e9 \u010dl\u00e1nky o EMU oleji"},"content":{"rendered":"<\/div><\/div><\/div><!-- close content main div --><\/div><\/div><div id='av_section_1' class='avia-section main_color avia-section-no-padding avia-no-border-styling avia-bg-style-scroll   container_wrap fullsize' style = 'background-image: '  ><div class='container' ><div class='template-page content  av-content-full alpha units'><div class='post-entry post-entry-type-page post-entry-1351'><div class='entry-content-wrapper clearfix'>\n<div class='flex_column_table av-equal-height-column-flextable -flextable' style='margin-top:0px; margin-bottom:0px; '><div class=\"flex_column av_one_third  av-animated-generic left-to-right  no_margin flex_column_table_cell av-equal-height-column av-align-top first  \" style='background:linear-gradient(45deg,#067d22,#067d22); padding:40px; background-color:#094978; border-radius:3px; '><div class='avia-image-container  av-styling-    avia-align-center '  itemprop=\"ImageObject\" itemscope=\"itemscope\" itemtype=\"https:\/\/schema.org\/ImageObject\"  ><div class='avia-image-container-inner'><div class='avia-image-overlay-wrap'><a href='http:\/\/www.webareal.sk\/www-emufarma-sk' class='avia_image'  ><img class='avia_image ' src='https:\/\/emufarma.sk\/wp-content\/uploads\/2021\/02\/dekor_e4.jpg' alt='' title='dekor_e4'  itemprop=\"thumbnailUrl\"  \/><\/a><\/div><\/div><\/div><br \/>\n<div style='padding-bottom:10px; margin-top:25; color:#ffffff;' class='av-special-heading av-special-heading-h2 custom-color-heading blockquote modern-quote modern-centered   '><h2 class='av-special-heading-tag '  itemprop=\"headline\"  >V\u00fdrobky z EMU oleja<\/h2><div class='special-heading-border'><div class='special-heading-inner-border' style='border-color:#ffffff'><\/div><\/div><\/div><br \/>\n<section class=\"av_textblock_section \"  itemscope=\"itemscope\" itemtype=\"https:\/\/schema.org\/CreativeWork\" ><div class='avia_textblock  av_inherit_color '  style='color:#ffffff; '  itemprop=\"text\" ><p style=\"text-align: center;\">V ponuke m\u00e1me \u0161irok\u00fa paletu v\u00fdrobkov ako je 100% \u010dist\u00fd EMU olej, EMU g\u00e9l a kozmetick\u00e9 v\u00fdrobky&#8230;<\/p>\n<\/div><\/section><br \/>\n<div style='height:20px' class='hr hr-invisible  '><span class='hr-inner ' ><span class='hr-inner-style'><\/span><\/span><\/div><br \/>\n<div class='avia-button-wrap avia-button-center '><a href='https:\/\/emufarma.sk\/index.php\/obchod\/'  class='avia-button av-icon-on-hover  avia-icon_select-yes-right-icon avia-color-custom avia-size-large avia-position-center '  style='background-color:#ffffff; border-color:#ffffff; color:#000000; ' ><span class='avia_iconbox_title' >Nak\u00fapte v na\u0161om E-shope<\/span><span class='avia_button_icon avia_button_icon_right' aria-hidden='true' data-av_icon='\ue879' data-av_iconfont='entypo-fontello'><\/span><\/a><\/div><\/div><\/div><!--close column table wrapper. Autoclose: 1 --><div class='flex_column_table av-equal-height-column-flextable -flextable' style='margin-top:0px; margin-bottom:0px; '><div class=\"flex_column av_two_third  av-animated-generic left-to-right  no_margin flex_column_table_cell av-equal-height-column av-align-top   \" style='background: #f7f7f7; padding:40px; background-color:#f7f7f7; border-radius:3px; '><div style='padding-bottom:10px; margin-top:25; color:#067d22;' class='av-special-heading av-special-heading-h2 custom-color-heading blockquote modern-quote modern-centered  '><h2 class='av-special-heading-tag '  itemprop=\"headline\"  >Zauj\u00edmav\u00e9 \u010dl\u00e1nky o EMU oleji<\/h2><div class='special-heading-border'><div class='special-heading-inner-border' style='border-color:#067d22'><\/div><\/div><\/div><br \/>\n<section class=\"av_textblock_section \"  itemscope=\"itemscope\" itemtype=\"https:\/\/schema.org\/CreativeWork\" ><div class='avia_textblock  '   itemprop=\"text\" ><p>Zauj\u00edmav\u00e9 zahrani\u010dn\u00e9 \u010dl\u00e1nky EMU oleji n\u00e1jdete na nasledovn\u00fdch odkazoch:<\/p>\n<p><a href=\"http:\/\/aea-emu.org\/faq\">http:\/\/aea-emu.org\/faq<\/a><\/p>\n<p><a href=\"http:\/\/www.uniquelyemu.com\/howtouse.htm\">http:\/\/www.uniquelyemu.com\/howtouse.htm<\/a><\/p>\n<p><a href=\"http:\/\/www.emu-oil.com\/\">http:\/\/www.emu-oil.com\/<\/a><\/p>\n<p><a href=\"http:\/\/www.emutracks.com.au\/research-weight-loss\">http:\/\/www.emutracks.com.au\/research-weight-loss<\/a><\/p>\n<p><a href=\"http:\/\/www.emufarm.iinet.net.au\/medicinal_properties.htm\">http:\/\/www.emufarm.iinet.net.au\/medicinal_properties.htm<\/a><\/p>\n<p><a href=\"http:\/\/www.justemuoil.com\/how-much-is-emu-oil\/\">http:\/\/www.justemuoil.com\/how-much-is-emu-oil\/<\/a><\/p>\n<p><a href=\"http:\/\/www.uniquelyemu.com\/emu-feathers\/Emu-Feathers.htm\">http:\/\/www.uniquelyemu.com\/emu-feathers\/Emu-Feathers.htm<\/a><\/p>\n<p><a href=\"http:\/\/emuoilcanada.com\/about\/\">http:\/\/emuoilcanada.com\/about\/<\/a><\/p>\n<p><a href=\"http:\/\/undergroundhealthreporter.com\/emu-oil-benefits\/#axzz33yyXw7ub\">http:\/\/undergroundhealthreporter.com\/emu-oil-benefits\/#axzz33yyXw7ub<\/a><\/p>\n<p><a href=\"http:\/\/sk.265health.com\/conditions-treatments\/burns\/1011032922.html#.U6CXNJR_tnM\">http:\/\/sk.265health.com\/conditions-treatments\/burns\/1011032922.html#.U6CXNJR_tnM<\/a><\/p>\n<\/div><\/section><\/div><\/div><!--close column table wrapper. Autoclose: 1 -->\n","protected":false},"excerpt":{"rendered":"V\u00fdrobky z EMU oleja V ponuke m\u00e1me \u0161irok\u00fa paletu v\u00fdrobkov ako je 100% \u010dist\u00fd EMU olej, EMU g\u00e9l a kozmetick\u00e9 v\u00fdrobky... Nak\u00fapte v na\u0161om E-shopeZauj\u00edmav\u00e9 \u010dl\u00e1nky o EMU oleji Zauj\u00edmav\u00e9 zahrani\u010dn\u00e9 \u010dl\u00e1nky EMU oleji n\u00e1jdete na nasledovn\u00fdch odkazoch: http:\/\/aea-emu.org\/faq http:\/\/www.uniquelyemu.com\/howtouse.htm http:\/\/www.emu-oil.com\/ http:\/\/www.emutracks.com.au\/research-weight-loss http:\/\/www.emufarm.iinet.net.au\/medicinal_properties.htm http:\/\/www.justemuoil.com\/how-much-is-emu-oil\/ http:\/\/www.uniquelyemu.com\/emu-feathers\/Emu-Feathers.htm http:\/\/emuoilcanada.com\/about\/ http:\/\/undergroundhealthreporter.com\/emu-oil-benefits\/#axzz33yyXw7ub http:\/\/sk.265health.com\/conditions-treatments\/burns\/1011032922.html#.U6CXNJR_tnM","protected":false},"author":1,"featured_media":0,"parent":0,"menu_order":0,"comment_status":"closed","ping_status":"closed","template":"","meta":{"ngg_post_thumbnail":0,"footnotes":""},"class_list":["post-1351","page","type-page","status-publish","hentry"],"jetpack_sharing_enabled":true,"_links":{"self":[{"href":"https:\/\/emufarma.sk\/index.php\/wp-json\/wp\/v2\/pages\/1351","targetHints":{"allow":["GET"]}}],"collection":[{"href":"https:\/\/emufarma.sk\/index.php\/wp-json\/wp\/v2\/pages"}],"about":[{"href":"https:\/\/emufarma.sk\/index.php\/wp-json\/wp\/v2\/types\/page"}],"author":[{"embeddable":true,"href":"https:\/\/emufarma.sk\/index.php\/wp-json\/wp\/v2\/users\/1"}],"replies":[{"embeddable":true,"href":"https:\/\/emufarma.sk\/index.php\/wp-json\/wp\/v2\/comments?post=1351"}],"version-history":[{"count":1,"href":"https:\/\/emufarma.sk\/index.php\/wp-json\/wp\/v2\/pages\/1351\/revisions"}],"predecessor-version":[{"id":1352,"href":"https:\/\/emufarma.sk\/index.php\/wp-json\/wp\/v2\/pages\/1351\/revisions\/1352"}],"wp:attachment":[{"href":"https:\/\/emufarma.sk\/index.php\/wp-json\/wp\/v2\/media?parent=1351"}],"curies":[{"name":"wp","href":"https:\/\/api.w.org\/{rel}","templated":true}]}}